{"id":70,"date":"2020-04-30T13:00:49","date_gmt":"2020-04-30T11:00:49","guid":{"rendered":"https:\/\/zs-transportundlogistik.de\/?page_id=70"},"modified":"2022-10-02T11:50:38","modified_gmt":"2022-10-02T09:50:38","slug":"ueber-uns","status":"publish","type":"page","link":"https:\/\/zs-transportundlogistik.de\/index.php\/ueber-uns\/","title":{"rendered":"\u00dcber uns"},"content":{"rendered":"<div  class='avia-slideshow av-k9mnosxx-8968e773a7feaa3c21d5ae5f1cfbad9a avia-slideshow-entry_without_sidebar av_slideshow avia-slide-slider  avia-builder-el-0  el_before_av_heading  avia-builder-el-first  av-slideshow-ui av-control-default av-slideshow-autoplay av-loop-endless av-loop-manual-endless av-default-height-applied avia-slideshow-1' data-slideshow-options=\"{&quot;animation&quot;:&quot;slide&quot;,&quot;autoplay&quot;:true,&quot;loop_autoplay&quot;:&quot;endless&quot;,&quot;interval&quot;:5,&quot;loop_manual&quot;:&quot;manual-endless&quot;,&quot;autoplay_stopper&quot;:false,&quot;noNavigation&quot;:false,&quot;bg_slider&quot;:false,&quot;keep_padding&quot;:false,&quot;hoverpause&quot;:false,&quot;show_slide_delay&quot;:0}\"  itemprop=\"image\" itemscope=\"itemscope\" itemtype=\"https:\/\/schema.org\/ImageObject\" ><ul class='avia-slideshow-inner ' style='padding-bottom: 34.95867768595%;'><li  class='avia-slideshow-slide av-k9mnosxx-8968e773a7feaa3c21d5ae5f1cfbad9a__0  slide-1 slide-odd'><div data-rel='slideshow-1' class='avia-slide-wrap '   ><img decoding=\"async\" class=\"wp-image-31 avia-img-lazy-loading-not-31\"  src=\"https:\/\/zs-transportundlogistik.de\/wp-content\/uploads\/2020\/04\/office-594132_1920-1210x423.jpg\" width=\"1210\" height=\"423\" title='Office' alt=''  itemprop=\"thumbnailUrl\"   \/><\/div><\/li><li  class='avia-slideshow-slide av-k9mnosxx-8968e773a7feaa3c21d5ae5f1cfbad9a__1  slide-2 slide-even'><div data-rel='slideshow-1' class='avia-slide-wrap '   ><img decoding=\"async\" class=\"wp-image-114 avia-img-lazy-loading-not-114\"  src=\"https:\/\/zs-transportundlogistik.de\/wp-content\/uploads\/2020\/05\/fp1-1080x423.jpg\" width=\"1080\" height=\"423\" title='Fuhrpark' alt=''  itemprop=\"thumbnailUrl\"   \/><\/div><\/li><li  class='avia-slideshow-slide av-k9mnosxx-8968e773a7feaa3c21d5ae5f1cfbad9a__2  slide-3 slide-odd'><div data-rel='slideshow-1' class='avia-slide-wrap '   ><img decoding=\"async\" class=\"wp-image-34 avia-img-lazy-loading-not-34\"  src=\"https:\/\/zs-transportundlogistik.de\/wp-content\/uploads\/2020\/04\/world-1264062_1920-1210x423.jpg\" width=\"1210\" height=\"423\" title='Karte' alt=''  itemprop=\"thumbnailUrl\"   \/><\/div><\/li><li  class='avia-slideshow-slide av-k9mnosxx-8968e773a7feaa3c21d5ae5f1cfbad9a__3  slide-4 slide-even'><div data-rel='slideshow-1' class='avia-slide-wrap '   ><img decoding=\"async\" class=\"wp-image-32 avia-img-lazy-loading-not-32\"  src=\"https:\/\/zs-transportundlogistik.de\/wp-content\/uploads\/2020\/04\/street-692157_1920-1210x423.jpg\" width=\"1210\" height=\"423\" title='Street' alt=''  itemprop=\"thumbnailUrl\"   \/><\/div><\/li><\/ul><div class='avia-slideshow-arrows avia-slideshow-controls' ><a href='#prev' class='prev-slide ' aria-hidden='true' data-av_icon='\ue87c' data-av_iconfont='entypo-fontello'  tabindex='-1'>Zur\u00fcck<\/a><a href='#next' class='next-slide ' aria-hidden='true' data-av_icon='\ue87d' data-av_iconfont='entypo-fontello'  tabindex='-1'>Weiter<\/a><\/div><div class='avia-slideshow-dots avia-slideshow-controls'><a href='#1' class='goto-slide active' >1<\/a><a href='#2' class='goto-slide ' >2<\/a><a href='#3' class='goto-slide ' >3<\/a><a href='#4' class='goto-slide ' >4<\/a><\/div><\/div>\n\n<style type=\"text\/css\" data-created_by=\"avia_inline_auto\" id=\"style-css-av-sci2-7856c8f9c92380de0923370a0dbfb852\">\n#top .av-special-heading.av-sci2-7856c8f9c92380de0923370a0dbfb852{\npadding-bottom:10px;\n}\nbody .av-special-heading.av-sci2-7856c8f9c92380de0923370a0dbfb852 .av-special-heading-tag .heading-char{\nfont-size:25px;\n}\n.av-special-heading.av-sci2-7856c8f9c92380de0923370a0dbfb852 .av-subheading{\nfont-size:15px;\n}\n<\/style>\n<div  class='av-special-heading av-sci2-7856c8f9c92380de0923370a0dbfb852 av-special-heading-h3 blockquote modern-quote  avia-builder-el-1  el_after_av_slideshow  el_before_av_three_fourth '><h3 class='av-special-heading-tag'  itemprop=\"headline\"  >\u00dcber uns<\/h3><div class='av-subheading av-subheading_below'><p>Wer sind wir?<\/p>\n<\/div><div class=\"special-heading-border\"><div class=\"special-heading-inner-border\"><\/div><\/div><\/div>\n\n<style type=\"text\/css\" data-created_by=\"avia_inline_auto\" id=\"style-css-av-24w9i-688489ac135ad72f40948f3ca7da1807\">\n.flex_column.av-24w9i-688489ac135ad72f40948f3ca7da1807{\nborder-radius:0px 0px 0px 0px;\npadding:0px 0px 0px 0px;\n}\n<\/style>\n<div  class='flex_column av-24w9i-688489ac135ad72f40948f3ca7da1807 av_three_fourth  avia-builder-el-2  el_after_av_heading  el_before_av_one_fourth  first flex_column_div av-zero-column-padding  '     ><section  class='av_textblock_section av-1eyme-938f54d07548baf5d8e0b5b606e04547 '   itemscope=\"itemscope\" itemtype=\"https:\/\/schema.org\/CreativeWork\" ><div class='avia_textblock'  itemprop=\"text\" ><p>Die ZS Transport und Logistik GmbH und Co. KG wurde im M\u00e4rz 2020 gegr\u00fcndet.<\/p>\n<p>Knapp zwei Jahre sind vergangen bis der Entschluss gefasst wurde, den Weg in die Selbstst\u00e4ndigkeit zu gehen.<\/p>\n<p><strong>Zeljko Gligorevic:<\/strong><br \/>\nDurch die mehr als sechsj\u00e4hrige Berufserfahrung von Zeljko Gligorevic, als Einzelunternehmer im Transportgewerbe, war der erste Grundstein gelegt. Seine motivierten Berufskraftfahrer trugen zum Wachstum und somit zu einer erfolgreichen Vergangenheit bei.<br \/>\nEr koordiniert die t\u00e4glichen Aufgaben gewissenhaft und mit h\u00f6chster Pr\u00e4zision. Die Kundenzufriedenheit und Kundenbindung hatte und hat immer oberste Priorit\u00e4t f\u00fcr ihn.<\/p>\n<p>Durch die Gr\u00fcndung der ZS Transport und Logistik GmbH &amp; Co. KG ging f\u00fcr die Gesch\u00e4ftsf\u00fchrung ein Traum in Erf\u00fcllung.<\/p>\n<p>Wir stehen t\u00e4glich mit Herz, Leidenschaft und vollem Engagement f\u00fcr Sie zur Verf\u00fcgung.<\/p>\n<\/div><\/section><\/div>\n<style type=\"text\/css\" data-created_by=\"avia_inline_auto\" id=\"style-css-av-udq6-d7505bc36be00003ede13c505b9a6e52\">\n.flex_column.av-udq6-d7505bc36be00003ede13c505b9a6e52{\nborder-radius:0px 0px 0px 0px;\npadding:0px 0px 0px 0px;\n}\n<\/style>\n<div  class='flex_column av-udq6-d7505bc36be00003ede13c505b9a6e52 av_one_fourth  avia-builder-el-4  el_after_av_three_fourth  avia-builder-el-last  flex_column_div av-zero-column-padding  '     ><section  class='avia-team-member av-k9syqv51-cd38b3b3feb7235a4acd84958f05a4f8  avia-builder-el-5  avia-builder-el-no-sibling '  itemscope=\"itemscope\" itemtype=\"https:\/\/schema.org\/Person\" ><div class=\"team-img-container\"><img decoding=\"async\" class='wp-image-13 avia-img-lazy-loading-not-13 avia_image avia_image_team' src=\"https:\/\/zs-transportundlogistik.de\/wp-content\/uploads\/2020\/04\/zs-logo-leer_150.jpg\" alt='Zeljko Gligorevic'  itemprop=\"image\"   height=\"118\" width=\"150\" \/><\/div><h3 class='team-member-name '  itemprop=\"name\" >Zeljko Gligorevic<\/h3><div class='team-member-job-title '  itemprop=\"jobTitle\" >Gesch\u00e4ftsf\u00fchrer<\/div><div class='team-member-description '  itemprop=\"description\" ><p>Kundenzufriedenheit ist mein Ziel<\/p>\n<\/div><span class='hidden team-member-affiliation'  itemprop=\"affiliation\" >ZS Transport und Logistik<\/span><\/section><\/div><\/p>\n","protected":false},"excerpt":{"rendered":"","protected":false},"author":2,"featured_media":0,"parent":0,"menu_order":0,"comment_status":"closed","ping_status":"closed","template":"","meta":{"footnotes":""},"yoast_head":"<!-- This site is optimized with the Yoast SEO plugin v22.1 - https:\/\/yoast.com\/wordpress\/plugins\/seo\/ -->\n<title>\u00dcber uns - ZS Transport und Logistik<\/title>\n<meta name=\"robots\" content=\"index, follow, max-snippet:-1, max-image-preview:large, max-video-preview:-1\" \/>\n<link rel=\"canonical\" href=\"https:\/\/zs-transportundlogistik.de\/index.php\/ueber-uns\/\" \/>\n<meta property=\"og:locale\" content=\"de_DE\" \/>\n<meta property=\"og:type\" content=\"article\" \/>\n<meta property=\"og:title\" content=\"\u00dcber uns - ZS Transport und Logistik\" \/>\n<meta property=\"og:url\" content=\"https:\/\/zs-transportundlogistik.de\/index.php\/ueber-uns\/\" \/>\n<meta property=\"og:site_name\" content=\"ZS Transport und Logistik\" \/>\n<meta property=\"article:modified_time\" content=\"2022-10-02T09:50:38+00:00\" \/>\n<meta name=\"twitter:card\" content=\"summary_large_image\" \/>\n<meta name=\"twitter:label1\" content=\"Gesch\u00e4tzte Lesezeit\" \/>\n\t<meta name=\"twitter:data1\" content=\"4\u00a0Minuten\" \/>\n<script type=\"application\/ld+json\" class=\"yoast-schema-graph\">{\"@context\":\"https:\/\/schema.org\",\"@graph\":[{\"@type\":\"WebPage\",\"@id\":\"https:\/\/zs-transportundlogistik.de\/index.php\/ueber-uns\/\",\"url\":\"https:\/\/zs-transportundlogistik.de\/index.php\/ueber-uns\/\",\"name\":\"\u00dcber uns - ZS Transport und Logistik\",\"isPartOf\":{\"@id\":\"https:\/\/zs-transportundlogistik.de\/#website\"},\"datePublished\":\"2020-04-30T11:00:49+00:00\",\"dateModified\":\"2022-10-02T09:50:38+00:00\",\"breadcrumb\":{\"@id\":\"https:\/\/zs-transportundlogistik.de\/index.php\/ueber-uns\/#breadcrumb\"},\"inLanguage\":\"de\",\"potentialAction\":[{\"@type\":\"ReadAction\",\"target\":[\"https:\/\/zs-transportundlogistik.de\/index.php\/ueber-uns\/\"]}]},{\"@type\":\"BreadcrumbList\",\"@id\":\"https:\/\/zs-transportundlogistik.de\/index.php\/ueber-uns\/#breadcrumb\",\"itemListElement\":[{\"@type\":\"ListItem\",\"position\":1,\"name\":\"Startseite\",\"item\":\"https:\/\/zs-transportundlogistik.de\/\"},{\"@type\":\"ListItem\",\"position\":2,\"name\":\"\u00dcber uns\"}]},{\"@type\":\"WebSite\",\"@id\":\"https:\/\/zs-transportundlogistik.de\/#website\",\"url\":\"https:\/\/zs-transportundlogistik.de\/\",\"name\":\"ZS Transport und Logistik\",\"description\":\"Ihr Partner f\u00fcr Europaweite Expresslieferungen\",\"potentialAction\":[{\"@type\":\"SearchAction\",\"target\":{\"@type\":\"EntryPoint\",\"urlTemplate\":\"https:\/\/zs-transportundlogistik.de\/?s={search_term_string}\"},\"query-input\":\"required name=search_term_string\"}],\"inLanguage\":\"de\"}]}<\/script>\n<!-- \/ Yoast SEO plugin. -->","yoast_head_json":{"title":"\u00dcber uns - ZS Transport und Logistik","robots":{"index":"index","follow":"follow","max-snippet":"max-snippet:-1","max-image-preview":"max-image-preview:large","max-video-preview":"max-video-preview:-1"},"canonical":"https:\/\/zs-transportundlogistik.de\/index.php\/ueber-uns\/","og_locale":"de_DE","og_type":"article","og_title":"\u00dcber uns - ZS Transport und Logistik","og_url":"https:\/\/zs-transportundlogistik.de\/index.php\/ueber-uns\/","og_site_name":"ZS Transport und Logistik","article_modified_time":"2022-10-02T09:50:38+00:00","twitter_card":"summary_large_image","twitter_misc":{"Gesch\u00e4tzte Lesezeit":"4\u00a0Minuten"},"schema":{"@context":"https:\/\/schema.org","@graph":[{"@type":"WebPage","@id":"https:\/\/zs-transportundlogistik.de\/index.php\/ueber-uns\/","url":"https:\/\/zs-transportundlogistik.de\/index.php\/ueber-uns\/","name":"\u00dcber uns - ZS Transport und Logistik","isPartOf":{"@id":"https:\/\/zs-transportundlogistik.de\/#website"},"datePublished":"2020-04-30T11:00:49+00:00","dateModified":"2022-10-02T09:50:38+00:00","breadcrumb":{"@id":"https:\/\/zs-transportundlogistik.de\/index.php\/ueber-uns\/#breadcrumb"},"inLanguage":"de","potentialAction":[{"@type":"ReadAction","target":["https:\/\/zs-transportundlogistik.de\/index.php\/ueber-uns\/"]}]},{"@type":"BreadcrumbList","@id":"https:\/\/zs-transportundlogistik.de\/index.php\/ueber-uns\/#breadcrumb","itemListElement":[{"@type":"ListItem","position":1,"name":"Startseite","item":"https:\/\/zs-transportundlogistik.de\/"},{"@type":"ListItem","position":2,"name":"\u00dcber uns"}]},{"@type":"WebSite","@id":"https:\/\/zs-transportundlogistik.de\/#website","url":"https:\/\/zs-transportundlogistik.de\/","name":"ZS Transport und Logistik","description":"Ihr Partner f\u00fcr Europaweite Expresslieferungen","potentialAction":[{"@type":"SearchAction","target":{"@type":"EntryPoint","urlTemplate":"https:\/\/zs-transportundlogistik.de\/?s={search_term_string}"},"query-input":"required name=search_term_string"}],"inLanguage":"de"}]}},"_links":{"self":[{"href":"https:\/\/zs-transportundlogistik.de\/index.php\/wp-json\/wp\/v2\/pages\/70"}],"collection":[{"href":"https:\/\/zs-transportundlogistik.de\/index.php\/wp-json\/wp\/v2\/pages"}],"about":[{"href":"https:\/\/zs-transportundlogistik.de\/index.php\/wp-json\/wp\/v2\/types\/page"}],"author":[{"embeddable":true,"href":"https:\/\/zs-transportundlogistik.de\/index.php\/wp-json\/wp\/v2\/users\/2"}],"replies":[{"embeddable":true,"href":"https:\/\/zs-transportundlogistik.de\/index.php\/wp-json\/wp\/v2\/comments?post=70"}],"version-history":[{"count":20,"href":"https:\/\/zs-transportundlogistik.de\/index.php\/wp-json\/wp\/v2\/pages\/70\/revisions"}],"predecessor-version":[{"id":159,"href":"https:\/\/zs-transportundlogistik.de\/index.php\/wp-json\/wp\/v2\/pages\/70\/revisions\/159"}],"wp:attachment":[{"href":"https:\/\/zs-transportundlogistik.de\/index.php\/wp-json\/wp\/v2\/media?parent=70"}],"curies":[{"name":"wp","href":"https:\/\/api.w.org\/{rel}","templated":true}]}}