{"id":62,"date":"2020-04-30T12:09:42","date_gmt":"2020-04-30T10:09:42","guid":{"rendered":"https:\/\/zs-transportundlogistik.de\/?page_id=62"},"modified":"2020-05-04T23:03:47","modified_gmt":"2020-05-04T21:03:47","slug":"leistungen","status":"publish","type":"page","link":"https:\/\/zs-transportundlogistik.de\/index.php\/leistungen\/","title":{"rendered":"Leistungen"},"content":{"rendered":"<div  class='avia-slideshow av-k9mlzgn4-f05f09d6b1598f49ed97af8b371a5582 avia-slideshow-entry_without_sidebar av_slideshow avia-slide-slider  avia-builder-el-0  el_before_av_heading  avia-builder-el-first  av-slideshow-ui av-control-default av-slideshow-autoplay av-loop-endless av-loop-manual-endless av-default-height-applied avia-slideshow-1' data-slideshow-options=\"{&quot;animation&quot;:&quot;slide&quot;,&quot;autoplay&quot;:true,&quot;loop_autoplay&quot;:&quot;endless&quot;,&quot;interval&quot;:5,&quot;loop_manual&quot;:&quot;manual-endless&quot;,&quot;autoplay_stopper&quot;:false,&quot;noNavigation&quot;:false,&quot;bg_slider&quot;:false,&quot;keep_padding&quot;:false,&quot;hoverpause&quot;:false,&quot;show_slide_delay&quot;:0}\"  itemprop=\"image\" itemscope=\"itemscope\" itemtype=\"https:\/\/schema.org\/ImageObject\" ><ul class='avia-slideshow-inner ' style='padding-bottom: 39.166666666667%;'><li  class='avia-slideshow-slide av-k9mlzgn4-f05f09d6b1598f49ed97af8b371a5582__0  slide-1 slide-odd'><div data-rel='slideshow-1' class='avia-slide-wrap '   ><img decoding=\"async\" class=\"wp-image-114 avia-img-lazy-loading-not-114\"  src=\"https:\/\/zs-transportundlogistik.de\/wp-content\/uploads\/2020\/05\/fp1-1080x423.jpg\" width=\"1080\" height=\"423\" title='Fuhrpark' alt=''  itemprop=\"thumbnailUrl\"   \/><\/div><\/li><li  class='avia-slideshow-slide av-k9mlzgn4-f05f09d6b1598f49ed97af8b371a5582__1  slide-2 slide-even'><div data-rel='slideshow-1' class='avia-slide-wrap '   ><img decoding=\"async\" class=\"wp-image-105 avia-img-lazy-loading-not-105\"  src=\"https:\/\/zs-transportundlogistik.de\/wp-content\/uploads\/2020\/05\/beac79e1-9074-41d1-9b50-026bbca7611b-e1588511694752-1074x423.jpg\" width=\"1074\" height=\"423\" title='Fuhrpark' alt=''  itemprop=\"thumbnailUrl\"   \/><\/div><\/li><li  class='avia-slideshow-slide av-k9mlzgn4-f05f09d6b1598f49ed97af8b371a5582__2  slide-3 slide-odd'><div data-rel='slideshow-1' class='avia-slide-wrap '   ><img decoding=\"async\" class=\"wp-image-103 avia-img-lazy-loading-not-103\"  src=\"https:\/\/zs-transportundlogistik.de\/wp-content\/uploads\/2020\/05\/01d80568-38c4-4d45-9b34-c2286ea7b757-e1588511732659-1069x423.jpg\" width=\"1069\" height=\"423\" title='Fuhrpark' alt=''  itemprop=\"thumbnailUrl\"   \/><\/div><\/li><\/ul><div class='avia-slideshow-arrows avia-slideshow-controls' ><a href='#prev' class='prev-slide ' aria-hidden='true' data-av_icon='\ue87c' data-av_iconfont='entypo-fontello'  tabindex='-1'>Zur\u00fcck<\/a><a href='#next' class='next-slide ' aria-hidden='true' data-av_icon='\ue87d' data-av_iconfont='entypo-fontello'  tabindex='-1'>Weiter<\/a><\/div><div class='avia-slideshow-dots avia-slideshow-controls'><a href='#1' class='goto-slide active' >1<\/a><a href='#2' class='goto-slide ' >2<\/a><a href='#3' class='goto-slide ' >3<\/a><\/div><\/div>\n\n<style type=\"text\/css\" data-created_by=\"avia_inline_auto\" id=\"style-css-av-k9syz6km-727a42731c6a125cf139226557f0b78b\">\n#top .av-special-heading.av-k9syz6km-727a42731c6a125cf139226557f0b78b{\npadding-bottom:10px;\n}\nbody .av-special-heading.av-k9syz6km-727a42731c6a125cf139226557f0b78b .av-special-heading-tag .heading-char{\nfont-size:25px;\n}\n.av-special-heading.av-k9syz6km-727a42731c6a125cf139226557f0b78b .av-subheading{\nfont-size:15px;\n}\n<\/style>\n<div  class='av-special-heading av-k9syz6km-727a42731c6a125cf139226557f0b78b av-special-heading-h3 blockquote modern-quote  avia-builder-el-1  el_after_av_slideshow  el_before_av_hr '><h3 class='av-special-heading-tag'  itemprop=\"headline\"  >Leistungen<\/h3><div class='av-subheading av-subheading_below'><p>Verschaffen Sie sich einen \u00dcberblick \u00fcber unser Leistungsangebot<br \/>\nWir freuen uns auf Ihre Kontaktaufnahme<\/p>\n<\/div><div class=\"special-heading-border\"><div class=\"special-heading-inner-border\"><\/div><\/div><\/div>\n<div  class='hr av-vrhm-e91c678bc831ff1b2e16d21d04f985a9 hr-default  avia-builder-el-2  el_after_av_heading  el_before_av_one_full '><span class='hr-inner '><span class=\"hr-inner-style\"><\/span><\/span><\/div>\n\n<style type=\"text\/css\" data-created_by=\"avia_inline_auto\" id=\"style-css-av-3akn6-a760fe3927760fae15e0d3207309a549\">\n.flex_column.av-3akn6-a760fe3927760fae15e0d3207309a549{\nborder-radius:0px 0px 0px 0px;\npadding:0px 0px 0px 0px;\n}\n<\/style>\n<div  class='flex_column av-3akn6-a760fe3927760fae15e0d3207309a549 av_one_full  avia-builder-el-3  el_after_av_hr  avia-builder-el-last  first flex_column_div av-zero-column-padding  '     ><div  class='avia-icon-list-container av-k9mlwmvt-13ea5d369edc0c590c45f3d8591cd8c4  avia-builder-el-4  avia-builder-el-no-sibling '><ul class='avia-icon-list avia_animate_when_almost_visible avia-icon-list-left av-iconlist-big av-k9mlwmvt-13ea5d369edc0c590c45f3d8591cd8c4 avia-iconlist-animate'>\n<li><a href='https:\/\/zs-transportundlogistik.de\/index.php\/kontakt\/' title='Teil und Komplettladungen (LTL \/ FTL)'  class='iconlist_icon av-27qhu-a100695d5a2e2157c8feb1cdb8d19641 avia-font-entypo-fontello'><span class='iconlist-char' aria-hidden='true' data-av_icon='\ue812' data-av_iconfont='entypo-fontello'><\/span><\/a><article class=\"article-icon-entry \"  itemscope=\"itemscope\" itemtype=\"https:\/\/schema.org\/CreativeWork\" ><div class=\"iconlist_content_wrap\"><header class=\"entry-content-header\"><h4 class='av_iconlist_title iconlist_title  '  itemprop=\"headline\" ><a href='https:\/\/zs-transportundlogistik.de\/index.php\/kontakt\/' title='Teil und Komplettladungen (LTL \/ FTL)'>Teil und Komplettladungen (LTL \/ FTL)<\/a><\/h4><\/header><div class='iconlist_content '  itemprop=\"text\" ><p>Sie haben eine Teil- oder Komplettladung, die deutschlandweit oder in eines unserer Nachbarl\u00e4ndern zugestellt werden muss? F\u00fcr uns ist das kein Problem! Wir finden die richtige Transportm\u00f6glichkeit f\u00fcr Sie und Ihr Unternehmen.<\/p>\n<p><a href=\"https:\/\/zs-transportundlogistik.de\/index.php\/kontakt\/\">Kontaktformular<\/a><\/p>\n<\/div><\/div><footer class=\"entry-footer\"><\/footer><\/article><div class=\"iconlist-timeline\"><\/div><\/li>\n<li><a href='https:\/\/zs-transportundlogistik.de\/index.php\/kontakt\/' title='Express oder Sonderfahrten '  class='iconlist_icon av-1fwc2-37f4175d1d5dbb15b8b84185030d4b8c avia-font-entypo-fontello'><span class='iconlist-char' aria-hidden='true' data-av_icon='\ue812' data-av_iconfont='entypo-fontello'><\/span><\/a><article class=\"article-icon-entry \"  itemscope=\"itemscope\" itemtype=\"https:\/\/schema.org\/CreativeWork\" ><div class=\"iconlist_content_wrap\"><header class=\"entry-content-header\"><h4 class='av_iconlist_title iconlist_title  '  itemprop=\"headline\" ><a href='https:\/\/zs-transportundlogistik.de\/index.php\/kontakt\/' title='Express oder Sonderfahrten '>Express oder Sonderfahrten <\/a><\/h4><\/header><div class='iconlist_content '  itemprop=\"text\" ><p>Der Zeitdruck auf Baustellen oder in Produktionsst\u00e4tten spielt t\u00e4glich eine gro\u00dfe Rolle. Die ZS Transport und Logistik GmbH &amp; Co. KG wird Sie nicht im Stich lassen. In k\u00fcrzester Zeit stellen wir Ihnen ein Fahrzeug, ganz nach Ihren Anspr\u00fcchen zur Verf\u00fcgung.<\/p>\n<p><a href=\"https:\/\/zs-transportundlogistik.de\/index.php\/kontakt\/\">Kontaktformular<\/a><\/p>\n<\/div><\/div><footer class=\"entry-footer\"><\/footer><\/article><div class=\"iconlist-timeline\"><\/div><\/li>\n<li><a href='https:\/\/zs-transportundlogistik.de\/index.php\/kontakt\/' title='Tagestouren mit einem Transporter oder LKW '  class='iconlist_icon av-2kve-909ff5adfa88cc0d3031a00dc8b75997 avia-font-entypo-fontello'><span class='iconlist-char' aria-hidden='true' data-av_icon='\ue812' data-av_iconfont='entypo-fontello'><\/span><\/a><article class=\"article-icon-entry \"  itemscope=\"itemscope\" itemtype=\"https:\/\/schema.org\/CreativeWork\" ><div class=\"iconlist_content_wrap\"><header class=\"entry-content-header\"><h4 class='av_iconlist_title iconlist_title  '  itemprop=\"headline\" ><a href='https:\/\/zs-transportundlogistik.de\/index.php\/kontakt\/' title='Tagestouren mit einem Transporter oder LKW '>Tagestouren mit einem Transporter oder LKW <\/a><\/h4><\/header><div class='iconlist_content '  itemprop=\"text\" ><p>Wird ein Transporter oder ein LKW tageweise oder sogar auf unbestimmte Zeit dringend ben\u00f6tigt?<\/p>\n<p>Wir erstellen Ihnen gerne ein pass-genaues Angebot.<\/p>\n<p><a href=\"https:\/\/zs-transportundlogistik.de\/index.php\/kontakt\/\">Kontaktformular<\/a><\/p>\n<\/div><\/div><footer class=\"entry-footer\"><\/footer><\/article><div class=\"iconlist-timeline\"><\/div><\/li>\n<\/ul><\/div><\/div>\n","protected":false},"excerpt":{"rendered":"","protected":false},"author":2,"featured_media":0,"parent":0,"menu_order":0,"comment_status":"closed","ping_status":"closed","template":"","meta":{"footnotes":""},"yoast_head":"<!-- This site is optimized with the Yoast SEO plugin v22.1 - https:\/\/yoast.com\/wordpress\/plugins\/seo\/ -->\n<title>Leistungen - ZS Transport und Logistik<\/title>\n<meta name=\"robots\" content=\"index, follow, max-snippet:-1, max-image-preview:large, max-video-preview:-1\" \/>\n<link rel=\"canonical\" href=\"https:\/\/zs-transportundlogistik.de\/index.php\/leistungen\/\" \/>\n<meta property=\"og:locale\" content=\"de_DE\" \/>\n<meta property=\"og:type\" content=\"article\" \/>\n<meta property=\"og:title\" content=\"Leistungen - ZS Transport und Logistik\" \/>\n<meta property=\"og:url\" content=\"https:\/\/zs-transportundlogistik.de\/index.php\/leistungen\/\" \/>\n<meta property=\"og:site_name\" content=\"ZS Transport und Logistik\" \/>\n<meta property=\"article:modified_time\" content=\"2020-05-04T21:03:47+00:00\" \/>\n<meta name=\"twitter:card\" content=\"summary_large_image\" \/>\n<meta name=\"twitter:label1\" content=\"Gesch\u00e4tzte Lesezeit\" \/>\n\t<meta name=\"twitter:data1\" content=\"4\u00a0Minuten\" \/>\n<script type=\"application\/ld+json\" class=\"yoast-schema-graph\">{\"@context\":\"https:\/\/schema.org\",\"@graph\":[{\"@type\":\"WebPage\",\"@id\":\"https:\/\/zs-transportundlogistik.de\/index.php\/leistungen\/\",\"url\":\"https:\/\/zs-transportundlogistik.de\/index.php\/leistungen\/\",\"name\":\"Leistungen - ZS Transport und Logistik\",\"isPartOf\":{\"@id\":\"https:\/\/zs-transportundlogistik.de\/#website\"},\"datePublished\":\"2020-04-30T10:09:42+00:00\",\"dateModified\":\"2020-05-04T21:03:47+00:00\",\"breadcrumb\":{\"@id\":\"https:\/\/zs-transportundlogistik.de\/index.php\/leistungen\/#breadcrumb\"},\"inLanguage\":\"de\",\"potentialAction\":[{\"@type\":\"ReadAction\",\"target\":[\"https:\/\/zs-transportundlogistik.de\/index.php\/leistungen\/\"]}]},{\"@type\":\"BreadcrumbList\",\"@id\":\"https:\/\/zs-transportundlogistik.de\/index.php\/leistungen\/#breadcrumb\",\"itemListElement\":[{\"@type\":\"ListItem\",\"position\":1,\"name\":\"Startseite\",\"item\":\"https:\/\/zs-transportundlogistik.de\/\"},{\"@type\":\"ListItem\",\"position\":2,\"name\":\"Leistungen\"}]},{\"@type\":\"WebSite\",\"@id\":\"https:\/\/zs-transportundlogistik.de\/#website\",\"url\":\"https:\/\/zs-transportundlogistik.de\/\",\"name\":\"ZS Transport und Logistik\",\"description\":\"Ihr Partner f\u00fcr Europaweite Expresslieferungen\",\"potentialAction\":[{\"@type\":\"SearchAction\",\"target\":{\"@type\":\"EntryPoint\",\"urlTemplate\":\"https:\/\/zs-transportundlogistik.de\/?s={search_term_string}\"},\"query-input\":\"required name=search_term_string\"}],\"inLanguage\":\"de\"}]}<\/script>\n<!-- \/ Yoast SEO plugin. -->","yoast_head_json":{"title":"Leistungen - ZS Transport und Logistik","robots":{"index":"index","follow":"follow","max-snippet":"max-snippet:-1","max-image-preview":"max-image-preview:large","max-video-preview":"max-video-preview:-1"},"canonical":"https:\/\/zs-transportundlogistik.de\/index.php\/leistungen\/","og_locale":"de_DE","og_type":"article","og_title":"Leistungen - ZS Transport und Logistik","og_url":"https:\/\/zs-transportundlogistik.de\/index.php\/leistungen\/","og_site_name":"ZS Transport und Logistik","article_modified_time":"2020-05-04T21:03:47+00:00","twitter_card":"summary_large_image","twitter_misc":{"Gesch\u00e4tzte Lesezeit":"4\u00a0Minuten"},"schema":{"@context":"https:\/\/schema.org","@graph":[{"@type":"WebPage","@id":"https:\/\/zs-transportundlogistik.de\/index.php\/leistungen\/","url":"https:\/\/zs-transportundlogistik.de\/index.php\/leistungen\/","name":"Leistungen - ZS Transport und Logistik","isPartOf":{"@id":"https:\/\/zs-transportundlogistik.de\/#website"},"datePublished":"2020-04-30T10:09:42+00:00","dateModified":"2020-05-04T21:03:47+00:00","breadcrumb":{"@id":"https:\/\/zs-transportundlogistik.de\/index.php\/leistungen\/#breadcrumb"},"inLanguage":"de","potentialAction":[{"@type":"ReadAction","target":["https:\/\/zs-transportundlogistik.de\/index.php\/leistungen\/"]}]},{"@type":"BreadcrumbList","@id":"https:\/\/zs-transportundlogistik.de\/index.php\/leistungen\/#breadcrumb","itemListElement":[{"@type":"ListItem","position":1,"name":"Startseite","item":"https:\/\/zs-transportundlogistik.de\/"},{"@type":"ListItem","position":2,"name":"Leistungen"}]},{"@type":"WebSite","@id":"https:\/\/zs-transportundlogistik.de\/#website","url":"https:\/\/zs-transportundlogistik.de\/","name":"ZS Transport und Logistik","description":"Ihr Partner f\u00fcr Europaweite Expresslieferungen","potentialAction":[{"@type":"SearchAction","target":{"@type":"EntryPoint","urlTemplate":"https:\/\/zs-transportundlogistik.de\/?s={search_term_string}"},"query-input":"required name=search_term_string"}],"inLanguage":"de"}]}},"_links":{"self":[{"href":"https:\/\/zs-transportundlogistik.de\/index.php\/wp-json\/wp\/v2\/pages\/62"}],"collection":[{"href":"https:\/\/zs-transportundlogistik.de\/index.php\/wp-json\/wp\/v2\/pages"}],"about":[{"href":"https:\/\/zs-transportundlogistik.de\/index.php\/wp-json\/wp\/v2\/types\/page"}],"author":[{"embeddable":true,"href":"https:\/\/zs-transportundlogistik.de\/index.php\/wp-json\/wp\/v2\/users\/2"}],"replies":[{"embeddable":true,"href":"https:\/\/zs-transportundlogistik.de\/index.php\/wp-json\/wp\/v2\/comments?post=62"}],"version-history":[{"count":18,"href":"https:\/\/zs-transportundlogistik.de\/index.php\/wp-json\/wp\/v2\/pages\/62\/revisions"}],"predecessor-version":[{"id":132,"href":"https:\/\/zs-transportundlogistik.de\/index.php\/wp-json\/wp\/v2\/pages\/62\/revisions\/132"}],"wp:attachment":[{"href":"https:\/\/zs-transportundlogistik.de\/index.php\/wp-json\/wp\/v2\/media?parent=62"}],"curies":[{"name":"wp","href":"https:\/\/api.w.org\/{rel}","templated":true}]}}